{"id":295,"date":"2025-04-10T21:30:13","date_gmt":"2025-04-10T21:30:13","guid":{"rendered":"https:\/\/\/home\/"},"modified":"2025-05-05T12:58:37","modified_gmt":"2025-05-05T12:58:37","slug":"blog","status":"publish","type":"page","link":"https:\/\/blog.copera.ai\/en\/blog\/","title":{"rendered":"Copera.ai &#8211; Blog"},"content":{"rendered":"<div class=\"wp-block-uagb-container uagb-layout-flex uagb-block-8b2aa609 alignfull uagb-is-root-container\"><div class=\"uagb-container-inner-blocks-wrap\">\n<div class=\"wp-block-uagb-container uagb-layout-flex uagb-block-c8e1353c\">\n<h6 class=\"wp-block-heading is-style-text-label has-text-color has-link-color wp-elements-eda177a2430d53dc83f65eb68a5c9ebe is-style-text-label--1\" style=\"color:#3463f3;font-size:clamp(0.875rem, 0.875rem + ((1vw - 0.2rem) * 0.613), 1.2rem);font-style:normal;font-weight:600;letter-spacing:15px\">blog<\/h6>\n\n\n\n<h1 class=\"wp-block-heading\" style=\"padding-top:0px;padding-bottom:0px\">Cansado de ferramentas complicadas e desconectadas? Conhe\u00e7a o Copera AI.<\/h1>\n\n\n\n<h5 class=\"wp-block-heading\" style=\"font-style:normal;font-weight:400\">Explore recursos especializados e as \u00faltimas novidades do Copera.ai.<\/h5>\n<\/div>\n\n\n\n<div class=\"wp-block-group has-global-padding is-layout-constrained wp-block-group-is-layout-constrained\" style=\"border-radius:8px;padding-top:0px;padding-bottom:0px\">\n<div class=\"wp-block-query has-global-padding is-content-justification-center is-layout-constrained wp-container-core-query-is-layout-31c51783 wp-block-query-is-layout-constrained\"><ul style=\"border-color:#2f55ea30;border-radius:8px;border-width:1px;\" class=\"columns-1 big-blog-card wp-block-post-template has-background has-white-background-color has-border-color is-layout-grid wp-container-core-post-template-is-layout-5bc6bb2b wp-block-post-template-is-layout-grid\"><li class=\"wp-block-post post-816 post type-post status-publish format-standard has-post-thumbnail hentry category-uncategorized-pt\">\n\n<div class=\"wp-block-columns are-vertically-aligned-top is-layout-flex wp-container-core-columns-is-layout-28f84493 wp-block-columns-is-layout-flex\">\n<div class=\"wp-block-column is-vertically-aligned-top is-layout-flow wp-block-column-is-layout-flow\" style=\"border-style:none;border-width:0px;border-radius:8px;padding-right:0;padding-left:0;flex-basis:100%\"><figure style=\"aspect-ratio:auto;height:50%;\" class=\"wp-block-post-featured-image\"><a href=\"https:\/\/blog.copera.ai\/pt\/times-de-vendas\/\" target=\"_self\"  style=\"height:50%\"><img loading=\"lazy\" decoding=\"async\" width=\"569\" height=\"351\" src=\"https:\/\/blog.copera.ai\/wp-content\/uploads\/2025\/04\/Frame-427320843-1-1.png\" class=\"attachment-post-thumbnail size-post-thumbnail wp-post-image\" alt=\"Copera.ai para Times de Vendas: Feche Mais Neg\u00f3cios e Supere Suas Metas\" style=\"border-top-left-radius:8px;border-top-right-radius:8px;border-bottom-left-radius:0px;border-bottom-right-radius:0px;width:100%;height:100%;object-fit:contain;\" srcset=\"https:\/\/blog.copera.ai\/wp-content\/uploads\/2025\/04\/Frame-427320843-1-1.png 569w, https:\/\/blog.copera.ai\/wp-content\/uploads\/2025\/04\/Frame-427320843-1-1-300x185.png 300w\" sizes=\"auto, (max-width: 569px) 100vw, 569px\" \/><\/a><\/figure><\/div>\n<\/div>\n\n\n<div style=\"color:#3463f3;font-size:14px;font-style:normal;font-weight:600;text-transform:uppercase;letter-spacing:7px;padding-left:24px;padding-top:20px;padding-bottom:12px\" class=\"taxonomy-category has-link-color is-style-default wp-elements-3a7e3eb3ce8158dd533e7d472dd61d41 wp-block-post-terms has-text-color\"><a href=\"https:\/\/blog.copera.ai\/pt\/category\/uncategorized-pt\/\" rel=\"tag\">Uncategorized<\/a><\/div>\n\n<h2 style=\"color:#1b2962; padding-right:24px;padding-left:24px;margin-left:0px;\" class=\"has-link-color wp-elements-b44e33179d5d78d1e27d34eca219f021 wp-block-post-title has-text-color\"><a href=\"https:\/\/blog.copera.ai\/pt\/times-de-vendas\/\" target=\"_self\" >Copera.ai para Times de Vendas: Feche Mais Neg\u00f3cios e Supere Suas Metas<\/a><\/h2>\n\n<a style=\"color:#637381; font-size:14px; padding-right:0px;padding-left:24px;padding-bottom:24px;\" class=\"wp-elements-765b9bd5bc25e4f48baf9bf2aea8109d wp-block-read-more has-text-color\" href=\"https:\/\/blog.copera.ai\/pt\/times-de-vendas\/\" target=\"_self\">Leia mais<span class=\"screen-reader-text\">: Copera.ai para Times de Vendas: Feche Mais Neg\u00f3cios e Supere Suas Metas<\/span><\/a>\n<\/li><\/ul><\/div>\n<\/div>\n<\/div><\/div>\n\n\n\n<div class=\"wp-block-query is-layout-flow wp-block-query-is-layout-flow\">\n<div style=\"height:38px\" aria-hidden=\"true\" class=\"wp-block-spacer\"><\/div>\n\n\n\n<div class=\"wp-block-columns is-layout-flex wp-container-core-columns-is-layout-28f84493 wp-block-columns-is-layout-flex\">\n<div class=\"wp-block-column is-layout-flow wp-block-column-is-layout-flow\" style=\"border-style:none;border-width:0px;padding-top:0px;padding-bottom:0px;flex-basis:100%\"><ul class=\"columns-3 wp-block-post-template is-layout-grid wp-container-core-post-template-is-layout-6d3fbd8f wp-block-post-template-is-layout-grid\"><li class=\"wp-block-post post-816 post type-post status-publish format-standard has-post-thumbnail hentry category-uncategorized-pt\">\n\n<div class=\"wp-block-group blog-card has-border-color has-white-background-color has-background is-layout-grid wp-container-core-group-is-layout-4ad789d4 wp-block-group-is-layout-grid\" style=\"border-color:#0170b930;border-width:1px;border-radius:8px;min-height:100%;padding-top:0px;padding-right:0px;padding-bottom:0px;padding-left:0px\"><figure style=\"height:15em;\" class=\"wp-block-post-featured-image\"><img loading=\"lazy\" decoding=\"async\" width=\"569\" height=\"351\" src=\"https:\/\/blog.copera.ai\/wp-content\/uploads\/2025\/04\/Frame-427320843-1-1.png\" class=\"attachment-post-thumbnail size-post-thumbnail wp-post-image\" alt=\"\" style=\"border-top-left-radius:8px;border-top-right-radius:8px;height:15em;object-fit:cover;\" srcset=\"https:\/\/blog.copera.ai\/wp-content\/uploads\/2025\/04\/Frame-427320843-1-1.png 569w, https:\/\/blog.copera.ai\/wp-content\/uploads\/2025\/04\/Frame-427320843-1-1-300x185.png 300w\" sizes=\"auto, (max-width: 569px) 100vw, 569px\" \/><\/figure>\n\n<div style=\"color:#3463f3;font-size:12px;font-style:normal;font-weight:600;text-transform:uppercase;letter-spacing:7px;padding-left:24px\" class=\"taxonomy-category has-link-color wp-elements-420bd0c7cb44a129a0cfba4193a70d81 wp-block-post-terms has-text-color\"><a href=\"https:\/\/blog.copera.ai\/pt\/category\/uncategorized-pt\/\" rel=\"tag\">Uncategorized<\/a><\/div>\n\n<h4 style=\"color:#1b2962; font-size:clamp(18.959px, 1.185rem + ((1vw - 3.2px) * 1.302), 30px);line-height:1.3; padding-right:24px;padding-left:24px;\" class=\"has-link-color wp-elements-3a36baf2fb150721a2b877a4fe47d786 wp-block-post-title has-text-color wp-container-content-e4b5e493\"><a href=\"https:\/\/blog.copera.ai\/pt\/times-de-vendas\/\" target=\"_self\" >Copera.ai para Times de Vendas: Feche Mais Neg\u00f3cios e Supere Suas Metas<\/a><\/h4>\n\n\n<div class=\"wp-block-group wp-container-content-e4b5e493 is-nowrap is-layout-flex wp-container-core-group-is-layout-08432f2e wp-block-group-is-layout-flex\" style=\"padding-bottom:var(--wp--preset--spacing--24);padding-left:var(--wp--preset--spacing--24)\">      \n\t\t\t<div class=\"uagb-icon-wrapper uagb-block-259c44d1\"\n\t\t\tstyle=\"\" >\n\t\t\t\t\t\t\t\t\t<span class=\"uagb-svg-wrapper\" \n\t\t\t\t\t aria-label=\"clock\"\t\t\t\t\ttabindex=\"0\">\t\t\n\t\t\t\t\t\t\t\t\t\t<svg xmlns=\"https:\/\/www.w3.org\/2000\/svg\" viewbox= \"0 0 512 512\" role=\"graphics-symbol\" aria-hidden=\"false\" aria-label=\"\"><path d=\"M256 512C114.6 512 0 397.4 0 256C0 114.6 114.6 0 256 0C397.4 0 512 114.6 512 256C512 397.4 397.4 512 256 512zM232 256C232 264 236 271.5 242.7 275.1L338.7 339.1C349.7 347.3 364.6 344.3 371.1 333.3C379.3 322.3 376.3 307.4 365.3 300L280 243.2V120C280 106.7 269.3 96 255.1 96C242.7 96 231.1 106.7 231.1 120L232 256z\"><\/path><\/svg>\n\t\t\t\t\t\t\t\t\t<\/span>\n\t\t\t\t\t\t\t<\/div>\n\t\t\t\n\n<div class=\"wp-elements-03e0bac0cb0d26d0bc5a4a7e7843a42c wp-block-post-time-to-read has-text-color has-secondary-800-color has-minute-font-size\">2\u20134 minutes<\/div><\/div>\n<\/div>\n\n<\/li><li class=\"wp-block-post post-812 post type-post status-publish format-standard has-post-thumbnail hentry category-use-case-pt\">\n\n<div class=\"wp-block-group blog-card has-border-color has-white-background-color has-background is-layout-grid wp-container-core-group-is-layout-4ad789d4 wp-block-group-is-layout-grid\" style=\"border-color:#0170b930;border-width:1px;border-radius:8px;min-height:100%;padding-top:0px;padding-right:0px;padding-bottom:0px;padding-left:0px\"><figure style=\"height:15em;\" class=\"wp-block-post-featured-image\"><img loading=\"lazy\" decoding=\"async\" width=\"569\" height=\"351\" src=\"https:\/\/blog.copera.ai\/wp-content\/uploads\/2025\/04\/Frame-427320843-5.png\" class=\"attachment-post-thumbnail size-post-thumbnail wp-post-image\" alt=\"\" style=\"border-top-left-radius:8px;border-top-right-radius:8px;height:15em;object-fit:cover;\" srcset=\"https:\/\/blog.copera.ai\/wp-content\/uploads\/2025\/04\/Frame-427320843-5.png 569w, https:\/\/blog.copera.ai\/wp-content\/uploads\/2025\/04\/Frame-427320843-5-300x185.png 300w\" sizes=\"auto, (max-width: 569px) 100vw, 569px\" \/><\/figure>\n\n<div style=\"color:#3463f3;font-size:12px;font-style:normal;font-weight:600;text-transform:uppercase;letter-spacing:7px;padding-left:24px\" class=\"taxonomy-category has-link-color wp-elements-420bd0c7cb44a129a0cfba4193a70d81 wp-block-post-terms has-text-color\"><a href=\"https:\/\/blog.copera.ai\/pt\/category\/use-case-pt\/\" rel=\"tag\">Use Case<\/a><\/div>\n\n<h4 style=\"color:#1b2962; font-size:clamp(18.959px, 1.185rem + ((1vw - 3.2px) * 1.302), 30px);line-height:1.3; padding-right:24px;padding-left:24px;\" class=\"has-link-color wp-elements-3a36baf2fb150721a2b877a4fe47d786 wp-block-post-title has-text-color wp-container-content-e4b5e493\"><a href=\"https:\/\/blog.copera.ai\/pt\/copera-ai-para-recursos-humanos-conecte-gerencie-e-faca-seu-time-crescer\/\" target=\"_self\" >Copera.ai para Recursos Humanos: Conecte, Gerencie e Fa\u00e7a Seu Time Crescer<\/a><\/h4>\n\n\n<div class=\"wp-block-group wp-container-content-e4b5e493 is-nowrap is-layout-flex wp-container-core-group-is-layout-08432f2e wp-block-group-is-layout-flex\" style=\"padding-bottom:var(--wp--preset--spacing--24);padding-left:var(--wp--preset--spacing--24)\">      \n\t\t\t<div class=\"uagb-icon-wrapper uagb-block-259c44d1\"\n\t\t\tstyle=\"\" >\n\t\t\t\t\t\t\t\t\t<span class=\"uagb-svg-wrapper\" \n\t\t\t\t\t aria-label=\"clock\"\t\t\t\t\ttabindex=\"0\">\t\t\n\t\t\t\t\t\t\t\t\t\t<svg xmlns=\"https:\/\/www.w3.org\/2000\/svg\" viewbox= \"0 0 512 512\" role=\"graphics-symbol\" aria-hidden=\"false\" aria-label=\"\"><path d=\"M256 512C114.6 512 0 397.4 0 256C0 114.6 114.6 0 256 0C397.4 0 512 114.6 512 256C512 397.4 397.4 512 256 512zM232 256C232 264 236 271.5 242.7 275.1L338.7 339.1C349.7 347.3 364.6 344.3 371.1 333.3C379.3 322.3 376.3 307.4 365.3 300L280 243.2V120C280 106.7 269.3 96 255.1 96C242.7 96 231.1 106.7 231.1 120L232 256z\"><\/path><\/svg>\n\t\t\t\t\t\t\t\t\t<\/span>\n\t\t\t\t\t\t\t<\/div>\n\t\t\t\n\n<div class=\"wp-elements-03e0bac0cb0d26d0bc5a4a7e7843a42c wp-block-post-time-to-read has-text-color has-secondary-800-color has-minute-font-size\">3\u20135 minutes<\/div><\/div>\n<\/div>\n\n<\/li><li class=\"wp-block-post post-803 post type-post status-publish format-standard has-post-thumbnail hentry category-comunicacao\">\n\n<div class=\"wp-block-group blog-card has-border-color has-white-background-color has-background is-layout-grid wp-container-core-group-is-layout-4ad789d4 wp-block-group-is-layout-grid\" style=\"border-color:#0170b930;border-width:1px;border-radius:8px;min-height:100%;padding-top:0px;padding-right:0px;padding-bottom:0px;padding-left:0px\"><figure style=\"height:15em;\" class=\"wp-block-post-featured-image\"><img loading=\"lazy\" decoding=\"async\" width=\"1078\" height=\"528\" src=\"https:\/\/blog.copera.ai\/wp-content\/uploads\/2025\/04\/Frame-427320843.png\" class=\"attachment-post-thumbnail size-post-thumbnail wp-post-image\" alt=\"\" style=\"border-top-left-radius:8px;border-top-right-radius:8px;height:15em;object-fit:cover;\" srcset=\"https:\/\/blog.copera.ai\/wp-content\/uploads\/2025\/04\/Frame-427320843.png 1078w, https:\/\/blog.copera.ai\/wp-content\/uploads\/2025\/04\/Frame-427320843-300x147.png 300w, https:\/\/blog.copera.ai\/wp-content\/uploads\/2025\/04\/Frame-427320843-1024x502.png 1024w, https:\/\/blog.copera.ai\/wp-content\/uploads\/2025\/04\/Frame-427320843-768x376.png 768w\" sizes=\"auto, (max-width: 1078px) 100vw, 1078px\" \/><\/figure>\n\n<div style=\"color:#3463f3;font-size:12px;font-style:normal;font-weight:600;text-transform:uppercase;letter-spacing:7px;padding-left:24px\" class=\"taxonomy-category has-link-color wp-elements-420bd0c7cb44a129a0cfba4193a70d81 wp-block-post-terms has-text-color\"><a href=\"https:\/\/blog.copera.ai\/pt\/category\/comunicacao\/\" rel=\"tag\">Comunica\u00e7\u00e3o<\/a><\/div>\n\n<h4 style=\"color:#1b2962; font-size:clamp(18.959px, 1.185rem + ((1vw - 3.2px) * 1.302), 30px);line-height:1.3; padding-right:24px;padding-left:24px;\" class=\"has-link-color wp-elements-3a36baf2fb150721a2b877a4fe47d786 wp-block-post-title has-text-color wp-container-content-e4b5e493\"><a href=\"https:\/\/blog.copera.ai\/pt\/alem-da-ata-como-tornar-suas-reunioes-produtivas\/\" target=\"_self\" >Al\u00e9m da Ata: Como Tornar Suas Reuni\u00f5es Produtivas (e Execut\u00e1veis)<\/a><\/h4>\n\n\n<div class=\"wp-block-group wp-container-content-e4b5e493 is-nowrap is-layout-flex wp-container-core-group-is-layout-08432f2e wp-block-group-is-layout-flex\" style=\"padding-bottom:var(--wp--preset--spacing--24);padding-left:var(--wp--preset--spacing--24)\">      \n\t\t\t<div class=\"uagb-icon-wrapper uagb-block-259c44d1\"\n\t\t\tstyle=\"\" >\n\t\t\t\t\t\t\t\t\t<span class=\"uagb-svg-wrapper\" \n\t\t\t\t\t aria-label=\"clock\"\t\t\t\t\ttabindex=\"0\">\t\t\n\t\t\t\t\t\t\t\t\t\t<svg xmlns=\"https:\/\/www.w3.org\/2000\/svg\" viewbox= \"0 0 512 512\" role=\"graphics-symbol\" aria-hidden=\"false\" aria-label=\"\"><path d=\"M256 512C114.6 512 0 397.4 0 256C0 114.6 114.6 0 256 0C397.4 0 512 114.6 512 256C512 397.4 397.4 512 256 512zM232 256C232 264 236 271.5 242.7 275.1L338.7 339.1C349.7 347.3 364.6 344.3 371.1 333.3C379.3 322.3 376.3 307.4 365.3 300L280 243.2V120C280 106.7 269.3 96 255.1 96C242.7 96 231.1 106.7 231.1 120L232 256z\"><\/path><\/svg>\n\t\t\t\t\t\t\t\t\t<\/span>\n\t\t\t\t\t\t\t<\/div>\n\t\t\t\n\n<div class=\"wp-elements-03e0bac0cb0d26d0bc5a4a7e7843a42c wp-block-post-time-to-read has-text-color has-secondary-800-color has-minute-font-size\">3\u20135 minutes<\/div><\/div>\n<\/div>\n\n<\/li><\/ul><\/div>\n<\/div>\n<\/div>\n\n\n\n<p><\/p>","protected":false},"excerpt":{"rendered":"<p>blog Tired of Overcomplicated, Disconnected Tools? Meet Copera AI Receive expert resources and the latest updates from Copera.ai \u2014 delivered straight to your inbox.<\/p>","protected":false},"author":1,"featured_media":0,"parent":0,"menu_order":0,"comment_status":"closed","ping_status":"closed","template":"","meta":{"_uag_custom_page_level_css":"","footnotes":""},"class_list":["post-295","page","type-page","status-publish","hentry"],"aioseo_notices":[],"uagb_featured_image_src":{"full":false,"thumbnail":false,"medium":false,"medium_large":false,"large":false,"1536x1536":false,"2048x2048":false,"trp-custom-language-flag":false},"uagb_author_info":{"display_name":"junior@copera.ai","author_link":"https:\/\/blog.copera.ai\/pt\/author\/juniorcopera-ai\/"},"uagb_comment_info":0,"uagb_excerpt":"blog Tired of Overcomplicated, Disconnected Tools? Meet Copera AI Receive expert resources and the latest updates from Copera.ai \u2014 delivered straight to your inbox.","_links":{"self":[{"href":"https:\/\/blog.copera.ai\/pt\/wp-json\/wp\/v2\/pages\/295","targetHints":{"allow":["GET"]}}],"collection":[{"href":"https:\/\/blog.copera.ai\/pt\/wp-json\/wp\/v2\/pages"}],"about":[{"href":"https:\/\/blog.copera.ai\/pt\/wp-json\/wp\/v2\/types\/page"}],"author":[{"embeddable":true,"href":"https:\/\/blog.copera.ai\/pt\/wp-json\/wp\/v2\/users\/1"}],"replies":[{"embeddable":true,"href":"https:\/\/blog.copera.ai\/pt\/wp-json\/wp\/v2\/comments?post=295"}],"version-history":[{"count":62,"href":"https:\/\/blog.copera.ai\/pt\/wp-json\/wp\/v2\/pages\/295\/revisions"}],"predecessor-version":[{"id":770,"href":"https:\/\/blog.copera.ai\/pt\/wp-json\/wp\/v2\/pages\/295\/revisions\/770"}],"wp:attachment":[{"href":"https:\/\/blog.copera.ai\/pt\/wp-json\/wp\/v2\/media?parent=295"}],"curies":[{"name":"wp","href":"https:\/\/api.w.org\/{rel}","templated":true}]}}